{"id":1878,"date":"2024-06-14T16:46:37","date_gmt":"2024-06-14T14:46:37","guid":{"rendered":"https:\/\/locandamonastero.digiside.it\/le-territoire\/cinque-terre\/"},"modified":"2024-10-01T10:44:59","modified_gmt":"2024-10-01T08:44:59","slug":"cinque-terre","status":"publish","type":"page","link":"https:\/\/locandailmonastero.it\/site\/fr\/le-territoire\/cinque-terre\/","title":{"rendered":"Cinque Terre"},"content":{"rendered":"\t\t<div data-elementor-type=\"wp-page\" data-elementor-id=\"1878\" class=\"elementor elementor-1878 elementor-1128\" data-elementor-post-type=\"page\">\n\t\t\t\t<div class=\"elementor-element elementor-element-1dda9f3 e-con-full e-flex e-con e-parent\" data-id=\"1dda9f3\" data-element_type=\"container\" data-settings=\"{&quot;background_background&quot;:&quot;slideshow&quot;,&quot;background_slideshow_gallery&quot;:[{&quot;id&quot;:1165,&quot;url&quot;:&quot;https:\\\/\\\/locandailmonastero.it\\\/site\\\/wp-content\\\/uploads\\\/2024\\\/06\\\/cinque-terre.jpg&quot;}],&quot;background_slideshow_loop&quot;:&quot;yes&quot;,&quot;background_slideshow_slide_duration&quot;:5000,&quot;background_slideshow_slide_transition&quot;:&quot;fade&quot;,&quot;background_slideshow_transition_duration&quot;:500}\">\n\t\t\t\t<\/div>\n\t\t<div class=\"elementor-element elementor-element-7c6e4d92 e-con-full elementor-hidden-tablet elementor-hidden-mobile_extra elementor-hidden-mobile e-flex e-con e-parent\" data-id=\"7c6e4d92\" data-element_type=\"container\">\n\t\t\t\t<div class=\"elementor-element elementor-element-5149cbb6 elementor-nav-menu__align-center elementor-widget__width-inherit elementor-nav-menu--dropdown-tablet elementor-nav-menu__text-align-aside elementor-nav-menu--toggle elementor-nav-menu--burger elementor-widget elementor-widget-nav-menu\" data-id=\"5149cbb6\" data-element_type=\"widget\" data-settings=\"{&quot;layout&quot;:&quot;horizontal&quot;,&quot;submenu_icon&quot;:{&quot;value&quot;:&quot;&lt;svg class=\\&quot;e-font-icon-svg e-fas-caret-down\\&quot; viewBox=\\&quot;0 0 320 512\\&quot; xmlns=\\&quot;http:\\\/\\\/www.w3.org\\\/2000\\\/svg\\&quot;&gt;&lt;path d=\\&quot;M31.3 192h257.3c17.8 0 26.7 21.5 14.1 34.1L174.1 354.8c-7.8 7.8-20.5 7.8-28.3 0L17.2 226.1C4.6 213.5 13.5 192 31.3 192z\\&quot;&gt;&lt;\\\/path&gt;&lt;\\\/svg&gt;&quot;,&quot;library&quot;:&quot;fa-solid&quot;},&quot;toggle&quot;:&quot;burger&quot;}\" data-widget_type=\"nav-menu.default\">\n\t\t\t\t<div class=\"elementor-widget-container\">\n\t\t\t<link rel=\"stylesheet\" href=\"https:\/\/locandailmonastero.it\/site\/wp-content\/uploads\/elementor\/css\/custom-pro-widget-nav-menu.min.css?ver=1764149288\">\t\t\t<nav class=\"elementor-nav-menu--main elementor-nav-menu__container elementor-nav-menu--layout-horizontal e--pointer-underline e--animation-fade\">\n\t\t\t\t<ul id=\"menu-1-5149cbb6\" class=\"elementor-nav-menu\"><li class=\"menu-item menu-item-type-post_type menu-item-object-page menu-item-2047\"><a href=\"https:\/\/locandailmonastero.it\/site\/fr\/le-territoire\/carrieres-de-carrare\/\" class=\"elementor-item\">Carri\u00e8res de Carrare<\/a><\/li>\n<li class=\"menu-item menu-item-type-post_type menu-item-object-page menu-item-2050\"><a href=\"https:\/\/locandailmonastero.it\/site\/fr\/le-territoire\/cinque-terre\/\" class=\"elementor-item\">Cinque Terre<\/a><\/li>\n<li class=\"menu-item menu-item-type-post_type menu-item-object-page menu-item-2046\"><a href=\"https:\/\/locandailmonastero.it\/site\/fr\/le-territoire\/lerici\/\" class=\"elementor-item\">Lerici<\/a><\/li>\n<li class=\"menu-item menu-item-type-post_type menu-item-object-page menu-item-2048\"><a href=\"https:\/\/locandailmonastero.it\/site\/fr\/le-territoire\/pietrasanta\/\" class=\"elementor-item\">Pietrasanta<\/a><\/li>\n<li class=\"menu-item menu-item-type-post_type menu-item-object-page menu-item-2049\"><a href=\"https:\/\/locandailmonastero.it\/site\/fr\/le-territoire\/portovenere\/\" class=\"elementor-item\">Portovenere<\/a><\/li>\n<li class=\"menu-item menu-item-type-post_type menu-item-object-page menu-item-2051\"><a href=\"https:\/\/locandailmonastero.it\/site\/fr\/le-territoire\/sarzana\/\" class=\"elementor-item\">Sarzana<\/a><\/li>\n<\/ul>\t\t\t<\/nav>\n\t\t\t\t\t<div class=\"elementor-menu-toggle\" role=\"button\" tabindex=\"0\" aria-label=\"Permuter le menu\" aria-expanded=\"false\">\n\t\t\t<svg aria-hidden=\"true\" role=\"presentation\" class=\"elementor-menu-toggle__icon--open e-font-icon-svg e-eicon-menu-bar\" viewBox=\"0 0 1000 1000\" xmlns=\"http:\/\/www.w3.org\/2000\/svg\"><path d=\"M104 333H896C929 333 958 304 958 271S929 208 896 208H104C71 208 42 237 42 271S71 333 104 333ZM104 583H896C929 583 958 554 958 521S929 458 896 458H104C71 458 42 487 42 521S71 583 104 583ZM104 833H896C929 833 958 804 958 771S929 708 896 708H104C71 708 42 737 42 771S71 833 104 833Z\"><\/path><\/svg><svg aria-hidden=\"true\" role=\"presentation\" class=\"elementor-menu-toggle__icon--close e-font-icon-svg e-eicon-close\" viewBox=\"0 0 1000 1000\" xmlns=\"http:\/\/www.w3.org\/2000\/svg\"><path d=\"M742 167L500 408 258 167C246 154 233 150 217 150 196 150 179 158 167 167 154 179 150 196 150 212 150 229 154 242 171 254L408 500 167 742C138 771 138 800 167 829 196 858 225 858 254 829L496 587 738 829C750 842 767 846 783 846 800 846 817 842 829 829 842 817 846 804 846 783 846 767 842 750 829 737L588 500 833 258C863 229 863 200 833 171 804 137 775 137 742 167Z\"><\/path><\/svg>\t\t\t<span class=\"elementor-screen-only\">Menu<\/span>\n\t\t<\/div>\n\t\t\t\t\t<nav class=\"elementor-nav-menu--dropdown elementor-nav-menu__container\" aria-hidden=\"true\">\n\t\t\t\t<ul id=\"menu-2-5149cbb6\" class=\"elementor-nav-menu\"><li class=\"menu-item menu-item-type-post_type menu-item-object-page menu-item-2047\"><a href=\"https:\/\/locandailmonastero.it\/site\/fr\/le-territoire\/carrieres-de-carrare\/\" class=\"elementor-item\" tabindex=\"-1\">Carri\u00e8res de Carrare<\/a><\/li>\n<li class=\"menu-item menu-item-type-post_type menu-item-object-page menu-item-2050\"><a href=\"https:\/\/locandailmonastero.it\/site\/fr\/le-territoire\/cinque-terre\/\" class=\"elementor-item\" tabindex=\"-1\">Cinque Terre<\/a><\/li>\n<li class=\"menu-item menu-item-type-post_type menu-item-object-page menu-item-2046\"><a href=\"https:\/\/locandailmonastero.it\/site\/fr\/le-territoire\/lerici\/\" class=\"elementor-item\" tabindex=\"-1\">Lerici<\/a><\/li>\n<li class=\"menu-item menu-item-type-post_type menu-item-object-page menu-item-2048\"><a href=\"https:\/\/locandailmonastero.it\/site\/fr\/le-territoire\/pietrasanta\/\" class=\"elementor-item\" tabindex=\"-1\">Pietrasanta<\/a><\/li>\n<li class=\"menu-item menu-item-type-post_type menu-item-object-page menu-item-2049\"><a href=\"https:\/\/locandailmonastero.it\/site\/fr\/le-territoire\/portovenere\/\" class=\"elementor-item\" tabindex=\"-1\">Portovenere<\/a><\/li>\n<li class=\"menu-item menu-item-type-post_type menu-item-object-page menu-item-2051\"><a href=\"https:\/\/locandailmonastero.it\/site\/fr\/le-territoire\/sarzana\/\" class=\"elementor-item\" tabindex=\"-1\">Sarzana<\/a><\/li>\n<\/ul>\t\t\t<\/nav>\n\t\t\t\t<\/div>\n\t\t\t\t<\/div>\n\t\t\t\t<\/div>\n\t\t<div class=\"elementor-element elementor-element-77076fb9 e-flex e-con-boxed e-con e-parent\" data-id=\"77076fb9\" data-element_type=\"container\">\n\t\t\t\t\t<div class=\"e-con-inner\">\n\t\t\t\t<div class=\"jet-parallax-widget elementor-element elementor-element-18c34036 elementor-absolute elementor-widget elementor-widget-image\" data-jet-tricks-settings=\"{&quot;parallax&quot;:&quot;true&quot;,&quot;invert&quot;:&quot;false&quot;,&quot;speed&quot;:{&quot;unit&quot;:&quot;%&quot;,&quot;size&quot;:30,&quot;sizes&quot;:[]},&quot;stickyOn&quot;:[&quot;desktop&quot;,&quot;tablet&quot;]}\" data-id=\"18c34036\" data-element_type=\"widget\" data-settings=\"{&quot;_position&quot;:&quot;absolute&quot;}\" data-widget_type=\"image.default\">\n\t\t\t\t<div class=\"elementor-widget-container\">\n\t\t\t<style>\/*! elementor - v3.21.0 - 22-05-2024 *\/\n.elementor-widget-image{text-align:center}.elementor-widget-image a{display:inline-block}.elementor-widget-image a img[src$=\".svg\"]{width:48px}.elementor-widget-image img{vertical-align:middle;display:inline-block}<\/style>\t\t\t\t\t\t\t\t\t\t<img fetchpriority=\"high\" decoding=\"async\" width=\"334\" height=\"355\" src=\"https:\/\/locandailmonastero.it\/site\/wp-content\/uploads\/2024\/05\/Group.png\" class=\"attachment-large size-large wp-image-518\" alt=\"\" srcset=\"https:\/\/locandailmonastero.it\/site\/wp-content\/uploads\/2024\/05\/Group.png 334w, https:\/\/locandailmonastero.it\/site\/wp-content\/uploads\/2024\/05\/Group-282x300.png 282w\" sizes=\"(max-width: 334px) 100vw, 334px\" \/>\t\t\t\t\t\t\t\t\t\t\t\t\t<\/div>\n\t\t\t\t<\/div>\n\t\t<div class=\"elementor-element elementor-element-ff136a0 e-con-full e-flex e-con e-child\" data-id=\"ff136a0\" data-element_type=\"container\">\n\t\t<div class=\"elementor-element elementor-element-74f6f0b e-flex e-con-boxed e-con e-child\" data-id=\"74f6f0b\" data-element_type=\"container\">\n\t\t\t\t\t<div class=\"e-con-inner\">\n\t\t\t\t<div class=\"elementor-element elementor-element-3a265e1d elementor-invisible elementor-widget elementor-widget-heading\" data-id=\"3a265e1d\" data-element_type=\"widget\" data-settings=\"{&quot;_animation&quot;:&quot;fadeInDown&quot;}\" data-widget_type=\"heading.default\">\n\t\t\t\t<div class=\"elementor-widget-container\">\n\t\t\t<style>\/*! elementor - v3.21.0 - 22-05-2024 *\/\n.elementor-heading-title{padding:0;margin:0;line-height:1}.elementor-widget-heading .elementor-heading-title[class*=elementor-size-]>a{color:inherit;font-size:inherit;line-height:inherit}.elementor-widget-heading .elementor-heading-title.elementor-size-small{font-size:15px}.elementor-widget-heading .elementor-heading-title.elementor-size-medium{font-size:19px}.elementor-widget-heading .elementor-heading-title.elementor-size-large{font-size:29px}.elementor-widget-heading .elementor-heading-title.elementor-size-xl{font-size:39px}.elementor-widget-heading .elementor-heading-title.elementor-size-xxl{font-size:59px}<\/style><h1 class=\"elementor-heading-title elementor-size-default\">cinque Terre<\/h1>\t\t<\/div>\n\t\t\t\t<\/div>\n\t\t\t\t<div class=\"elementor-element elementor-element-66a3c1e6 elementor-widget elementor-widget-text-editor\" data-id=\"66a3c1e6\" data-element_type=\"widget\" data-widget_type=\"text-editor.default\">\n\t\t\t\t<div class=\"elementor-widget-container\">\n\t\t\t<style>\/*! elementor - v3.21.0 - 22-05-2024 *\/\n.elementor-widget-text-editor.elementor-drop-cap-view-stacked .elementor-drop-cap{background-color:#69727d;color:#fff}.elementor-widget-text-editor.elementor-drop-cap-view-framed .elementor-drop-cap{color:#69727d;border:3px solid;background-color:transparent}.elementor-widget-text-editor:not(.elementor-drop-cap-view-default) .elementor-drop-cap{margin-top:8px}.elementor-widget-text-editor:not(.elementor-drop-cap-view-default) .elementor-drop-cap-letter{width:1em;height:1em}.elementor-widget-text-editor .elementor-drop-cap{float:left;text-align:center;line-height:1;font-size:50px}.elementor-widget-text-editor .elementor-drop-cap-letter{display:inline-block}<\/style>\t\t\t\t<p>Le nom \u00ab\u00a0Cinque Terre\u00a0\u00bb d\u00e9finit la bande c\u00f4ti\u00e8re qui s&rsquo;\u00e9tend sur 20 kilom\u00e8tres et relie Riomaggiore \u00e0 Punta Mesco.<\/p>\n<p>Les cinq villages de Riomaggiore, Manarola, Corniglia, Vernazza et Monterosso, connus pour leur beaut\u00e9 et leur caract\u00e8re unique, se dressent sur cette c\u00f4te d\u00e9chiquet\u00e9e.<\/p>\n<p>Aujourd&rsquo;hui, la r\u00e9gion est caract\u00e9ris\u00e9e par plus de 6 000 km de murs en pierres s\u00e8ches avec des terrasses plant\u00e9es de vignes capables de produire un vin aussi sp\u00e9cial et pris\u00e9 que le lieu : le sciachetr\u00e0, un vin de raisin sec doux et liquoreux tr\u00e8s c\u00e9l\u00e8bre qui a obtenu la Denominazione di Origine Controllata et a \u00e9t\u00e9 reconnu comme une Sentinelle Slow Food.<\/p>\n<p>Les Cinque Terre ont \u00e9galement \u00e9t\u00e9 inscrites sur la liste du patrimoine mondial, environnemental et culturel de l&rsquo;Unesco et constituent d\u00e9sormais un parc national et une aire marine prot\u00e9g\u00e9e dans le but de prot\u00e9ger la culture, les traditions locales, l&rsquo;environnement et la mise en valeur des ressources biologiques.<\/p>\n\t\t\t\t\t\t<\/div>\n\t\t\t\t<\/div>\n\t\t\t\t\t<\/div>\n\t\t\t\t<\/div>\n\t\t<div class=\"elementor-element elementor-element-15010125 e-flex e-con-boxed e-con e-child\" data-id=\"15010125\" data-element_type=\"container\">\n\t\t\t\t\t<div class=\"e-con-inner\">\n\t\t\t\t<div class=\"elementor-element elementor-element-39e56bf4 elementor-invisible elementor-widget elementor-widget-image\" data-id=\"39e56bf4\" data-element_type=\"widget\" data-settings=\"{&quot;_animation&quot;:&quot;fadeInUp&quot;}\" data-widget_type=\"image.default\">\n\t\t\t\t<div class=\"elementor-widget-container\">\n\t\t\t\t\t\t\t\t\t\t\t\t\t<img decoding=\"async\" width=\"800\" height=\"534\" src=\"https:\/\/locandailmonastero.it\/site\/wp-content\/uploads\/2024\/06\/Manarola-1024x684.webp\" class=\"attachment-large size-large wp-image-1239\" alt=\"\" srcset=\"https:\/\/locandailmonastero.it\/site\/wp-content\/uploads\/2024\/06\/Manarola-1024x684.webp 1024w, https:\/\/locandailmonastero.it\/site\/wp-content\/uploads\/2024\/06\/Manarola-300x200.webp 300w, https:\/\/locandailmonastero.it\/site\/wp-content\/uploads\/2024\/06\/Manarola-768x513.webp 768w, https:\/\/locandailmonastero.it\/site\/wp-content\/uploads\/2024\/06\/Manarola-1536x1026.webp 1536w, https:\/\/locandailmonastero.it\/site\/wp-content\/uploads\/2024\/06\/Manarola.webp 1920w\" sizes=\"(max-width: 800px) 100vw, 800px\" \/>\t\t\t\t\t\t\t\t\t\t\t\t\t<\/div>\n\t\t\t\t<\/div>\n\t\t\t\t<div class=\"elementor-element elementor-element-61c3fbbf elementor-invisible elementor-widget elementor-widget-image\" data-id=\"61c3fbbf\" data-element_type=\"widget\" data-settings=\"{&quot;_animation&quot;:&quot;fadeInDown&quot;,&quot;_animation_mobile&quot;:&quot;none&quot;}\" data-widget_type=\"image.default\">\n\t\t\t\t<div class=\"elementor-widget-container\">\n\t\t\t\t\t\t\t\t\t\t\t\t\t<img decoding=\"async\" width=\"800\" height=\"533\" src=\"https:\/\/locandailmonastero.it\/site\/wp-content\/uploads\/2024\/06\/Vernazza-1024x682.webp\" class=\"attachment-large size-large wp-image-1240\" alt=\"\" srcset=\"https:\/\/locandailmonastero.it\/site\/wp-content\/uploads\/2024\/06\/Vernazza-1024x682.webp 1024w, https:\/\/locandailmonastero.it\/site\/wp-content\/uploads\/2024\/06\/Vernazza-300x200.webp 300w, https:\/\/locandailmonastero.it\/site\/wp-content\/uploads\/2024\/06\/Vernazza-768x511.webp 768w, https:\/\/locandailmonastero.it\/site\/wp-content\/uploads\/2024\/06\/Vernazza-1536x1022.webp 1536w, https:\/\/locandailmonastero.it\/site\/wp-content\/uploads\/2024\/06\/Vernazza.webp 1920w\" sizes=\"(max-width: 800px) 100vw, 800px\" \/>\t\t\t\t\t\t\t\t\t\t\t\t\t<\/div>\n\t\t\t\t<\/div>\n\t\t\t\t\t<\/div>\n\t\t\t\t<\/div>\n\t\t\t\t<\/div>\n\t\t<div class=\"elementor-element elementor-element-64130d9e e-con-full e-flex e-con e-child\" data-id=\"64130d9e\" data-element_type=\"container\">\n\t\t\t\t<div class=\"elementor-element elementor-element-5bfaf393 elementor-invisible elementor-widget elementor-widget-image\" data-id=\"5bfaf393\" data-element_type=\"widget\" data-settings=\"{&quot;_animation&quot;:&quot;fadeInUp&quot;}\" data-widget_type=\"image.default\">\n\t\t\t\t<div class=\"elementor-widget-container\">\n\t\t\t\t\t\t\t\t\t\t\t\t\t<img loading=\"lazy\" decoding=\"async\" width=\"1920\" height=\"1272\" src=\"https:\/\/locandailmonastero.it\/site\/wp-content\/uploads\/2024\/06\/Cinque-Terre.webp\" class=\"attachment-full size-full wp-image-1238\" alt=\"\" srcset=\"https:\/\/locandailmonastero.it\/site\/wp-content\/uploads\/2024\/06\/Cinque-Terre.webp 1920w, https:\/\/locandailmonastero.it\/site\/wp-content\/uploads\/2024\/06\/Cinque-Terre-300x199.webp 300w, https:\/\/locandailmonastero.it\/site\/wp-content\/uploads\/2024\/06\/Cinque-Terre-1024x678.webp 1024w, https:\/\/locandailmonastero.it\/site\/wp-content\/uploads\/2024\/06\/Cinque-Terre-768x509.webp 768w, https:\/\/locandailmonastero.it\/site\/wp-content\/uploads\/2024\/06\/Cinque-Terre-1536x1018.webp 1536w\" sizes=\"(max-width: 1920px) 100vw, 1920px\" \/>\t\t\t\t\t\t\t\t\t\t\t\t\t<\/div>\n\t\t\t\t<\/div>\n\t\t\t\t<\/div>\n\t\t\t\t\t<\/div>\n\t\t\t\t<\/div>\n\t\t\t\t<\/div>\n\t\t","protected":false},"excerpt":{"rendered":"<p>Le nom \u00ab\u00a0Cinque Terre\u00a0\u00bb d\u00e9finit la bande c\u00f4ti\u00e8re qui s&rsquo;\u00e9tend sur 20 kilom\u00e8tres et relie Riomaggiore \u00e0 Punta Mesco.<\/p>\n","protected":false},"author":1,"featured_media":1669,"parent":1874,"menu_order":0,"comment_status":"closed","ping_status":"closed","template":"","meta":{"rank_math_lock_modified_date":false,"footnotes":""},"class_list":["post-1878","page","type-page","status-publish","has-post-thumbnail","hentry"],"_links":{"self":[{"href":"https:\/\/locandailmonastero.it\/site\/fr\/wp-json\/wp\/v2\/pages\/1878","targetHints":{"allow":["GET"]}}],"collection":[{"href":"https:\/\/locandailmonastero.it\/site\/fr\/wp-json\/wp\/v2\/pages"}],"about":[{"href":"https:\/\/locandailmonastero.it\/site\/fr\/wp-json\/wp\/v2\/types\/page"}],"author":[{"embeddable":true,"href":"https:\/\/locandailmonastero.it\/site\/fr\/wp-json\/wp\/v2\/users\/1"}],"replies":[{"embeddable":true,"href":"https:\/\/locandailmonastero.it\/site\/fr\/wp-json\/wp\/v2\/comments?post=1878"}],"version-history":[{"count":1,"href":"https:\/\/locandailmonastero.it\/site\/fr\/wp-json\/wp\/v2\/pages\/1878\/revisions"}],"predecessor-version":[{"id":1879,"href":"https:\/\/locandailmonastero.it\/site\/fr\/wp-json\/wp\/v2\/pages\/1878\/revisions\/1879"}],"up":[{"embeddable":true,"href":"https:\/\/locandailmonastero.it\/site\/fr\/wp-json\/wp\/v2\/pages\/1874"}],"wp:featuredmedia":[{"embeddable":true,"href":"https:\/\/locandailmonastero.it\/site\/fr\/wp-json\/wp\/v2\/media\/1669"}],"wp:attachment":[{"href":"https:\/\/locandailmonastero.it\/site\/fr\/wp-json\/wp\/v2\/media?parent=1878"}],"curies":[{"name":"wp","href":"https:\/\/api.w.org\/{rel}","templated":true}]}}