{"id":1917,"date":"2024-06-14T16:46:53","date_gmt":"2024-06-14T14:46:53","guid":{"rendered":"https:\/\/locandamonastero.digiside.it\/territorium\/portovenere\/"},"modified":"2024-10-01T10:50:18","modified_gmt":"2024-10-01T08:50:18","slug":"portovenere","status":"publish","type":"page","link":"https:\/\/locandailmonastero.it\/site\/de\/territorium\/portovenere\/","title":{"rendered":"Portovenere"},"content":{"rendered":"\t\t<div data-elementor-type=\"wp-page\" data-elementor-id=\"1917\" class=\"elementor elementor-1917 elementor-1130\" data-elementor-post-type=\"page\">\n\t\t\t\t<div class=\"elementor-element elementor-element-7fadee35 e-con-full e-flex e-con e-parent\" data-id=\"7fadee35\" data-element_type=\"container\" data-settings=\"{&quot;background_background&quot;:&quot;slideshow&quot;,&quot;background_slideshow_gallery&quot;:[{&quot;id&quot;:1138,&quot;url&quot;:&quot;https:\\\/\\\/locandailmonastero.it\\\/site\\\/wp-content\\\/uploads\\\/2024\\\/06\\\/Territorio-Portovenere.jpg&quot;}],&quot;background_slideshow_loop&quot;:&quot;yes&quot;,&quot;background_slideshow_slide_duration&quot;:5000,&quot;background_slideshow_slide_transition&quot;:&quot;fade&quot;,&quot;background_slideshow_transition_duration&quot;:500}\">\n\t\t\t\t<\/div>\n\t\t<div class=\"elementor-element elementor-element-13f7eac6 e-con-full elementor-hidden-tablet elementor-hidden-mobile_extra elementor-hidden-mobile e-flex e-con e-parent\" data-id=\"13f7eac6\" data-element_type=\"container\">\n\t\t\t\t<div class=\"elementor-element elementor-element-3e78cfe5 elementor-nav-menu__align-center elementor-widget__width-inherit elementor-nav-menu--dropdown-tablet elementor-nav-menu__text-align-aside elementor-nav-menu--toggle elementor-nav-menu--burger elementor-widget elementor-widget-nav-menu\" data-id=\"3e78cfe5\" data-element_type=\"widget\" data-settings=\"{&quot;layout&quot;:&quot;horizontal&quot;,&quot;submenu_icon&quot;:{&quot;value&quot;:&quot;&lt;svg class=\\&quot;e-font-icon-svg e-fas-caret-down\\&quot; viewBox=\\&quot;0 0 320 512\\&quot; xmlns=\\&quot;http:\\\/\\\/www.w3.org\\\/2000\\\/svg\\&quot;&gt;&lt;path d=\\&quot;M31.3 192h257.3c17.8 0 26.7 21.5 14.1 34.1L174.1 354.8c-7.8 7.8-20.5 7.8-28.3 0L17.2 226.1C4.6 213.5 13.5 192 31.3 192z\\&quot;&gt;&lt;\\\/path&gt;&lt;\\\/svg&gt;&quot;,&quot;library&quot;:&quot;fa-solid&quot;},&quot;toggle&quot;:&quot;burger&quot;}\" data-widget_type=\"nav-menu.default\">\n\t\t\t\t<div class=\"elementor-widget-container\">\n\t\t\t<link rel=\"stylesheet\" href=\"https:\/\/locandailmonastero.it\/site\/wp-content\/uploads\/elementor\/css\/custom-pro-widget-nav-menu.min.css?ver=1764149288\">\t\t\t<nav class=\"elementor-nav-menu--main elementor-nav-menu__container elementor-nav-menu--layout-horizontal e--pointer-underline e--animation-fade\">\n\t\t\t\t<ul id=\"menu-1-3e78cfe5\" class=\"elementor-nav-menu\"><li class=\"menu-item menu-item-type-post_type menu-item-object-page menu-item-2053\"><a href=\"https:\/\/locandailmonastero.it\/site\/de\/territorium\/carrara-steinbrueche\/\" class=\"elementor-item\">Carrara-Steinbr\u00fcche<\/a><\/li>\n<li class=\"menu-item menu-item-type-post_type menu-item-object-page menu-item-2056\"><a href=\"https:\/\/locandailmonastero.it\/site\/de\/territorium\/die-cinque-terre\/\" class=\"elementor-item\">Die Cinque Terre<\/a><\/li>\n<li class=\"menu-item menu-item-type-post_type menu-item-object-page menu-item-2052\"><a href=\"https:\/\/locandailmonastero.it\/site\/de\/territorium\/lerici\/\" class=\"elementor-item\">Lerici<\/a><\/li>\n<li class=\"menu-item menu-item-type-post_type menu-item-object-page menu-item-2054\"><a href=\"https:\/\/locandailmonastero.it\/site\/de\/territorium\/pietrasanta\/\" class=\"elementor-item\">Pietrasanta<\/a><\/li>\n<li class=\"menu-item menu-item-type-post_type menu-item-object-page menu-item-2055\"><a href=\"https:\/\/locandailmonastero.it\/site\/de\/territorium\/portovenere\/\" class=\"elementor-item\">Portovenere<\/a><\/li>\n<li class=\"menu-item menu-item-type-post_type menu-item-object-page menu-item-2057\"><a href=\"https:\/\/locandailmonastero.it\/site\/de\/territorium\/sarzana\/\" class=\"elementor-item\">Sarzana<\/a><\/li>\n<\/ul>\t\t\t<\/nav>\n\t\t\t\t\t<div class=\"elementor-menu-toggle\" role=\"button\" tabindex=\"0\" aria-label=\"Men\u00fc Umschalter\" aria-expanded=\"false\">\n\t\t\t<svg aria-hidden=\"true\" role=\"presentation\" class=\"elementor-menu-toggle__icon--open e-font-icon-svg e-eicon-menu-bar\" viewBox=\"0 0 1000 1000\" xmlns=\"http:\/\/www.w3.org\/2000\/svg\"><path d=\"M104 333H896C929 333 958 304 958 271S929 208 896 208H104C71 208 42 237 42 271S71 333 104 333ZM104 583H896C929 583 958 554 958 521S929 458 896 458H104C71 458 42 487 42 521S71 583 104 583ZM104 833H896C929 833 958 804 958 771S929 708 896 708H104C71 708 42 737 42 771S71 833 104 833Z\"><\/path><\/svg><svg aria-hidden=\"true\" role=\"presentation\" class=\"elementor-menu-toggle__icon--close e-font-icon-svg e-eicon-close\" viewBox=\"0 0 1000 1000\" xmlns=\"http:\/\/www.w3.org\/2000\/svg\"><path d=\"M742 167L500 408 258 167C246 154 233 150 217 150 196 150 179 158 167 167 154 179 150 196 150 212 150 229 154 242 171 254L408 500 167 742C138 771 138 800 167 829 196 858 225 858 254 829L496 587 738 829C750 842 767 846 783 846 800 846 817 842 829 829 842 817 846 804 846 783 846 767 842 750 829 737L588 500 833 258C863 229 863 200 833 171 804 137 775 137 742 167Z\"><\/path><\/svg>\t\t\t<span class=\"elementor-screen-only\">Men\u00fc<\/span>\n\t\t<\/div>\n\t\t\t\t\t<nav class=\"elementor-nav-menu--dropdown elementor-nav-menu__container\" aria-hidden=\"true\">\n\t\t\t\t<ul id=\"menu-2-3e78cfe5\" class=\"elementor-nav-menu\"><li class=\"menu-item menu-item-type-post_type menu-item-object-page menu-item-2053\"><a href=\"https:\/\/locandailmonastero.it\/site\/de\/territorium\/carrara-steinbrueche\/\" class=\"elementor-item\" tabindex=\"-1\">Carrara-Steinbr\u00fcche<\/a><\/li>\n<li class=\"menu-item menu-item-type-post_type menu-item-object-page menu-item-2056\"><a href=\"https:\/\/locandailmonastero.it\/site\/de\/territorium\/die-cinque-terre\/\" class=\"elementor-item\" tabindex=\"-1\">Die Cinque Terre<\/a><\/li>\n<li class=\"menu-item menu-item-type-post_type menu-item-object-page menu-item-2052\"><a href=\"https:\/\/locandailmonastero.it\/site\/de\/territorium\/lerici\/\" class=\"elementor-item\" tabindex=\"-1\">Lerici<\/a><\/li>\n<li class=\"menu-item menu-item-type-post_type menu-item-object-page menu-item-2054\"><a href=\"https:\/\/locandailmonastero.it\/site\/de\/territorium\/pietrasanta\/\" class=\"elementor-item\" tabindex=\"-1\">Pietrasanta<\/a><\/li>\n<li class=\"menu-item menu-item-type-post_type menu-item-object-page menu-item-2055\"><a href=\"https:\/\/locandailmonastero.it\/site\/de\/territorium\/portovenere\/\" class=\"elementor-item\" tabindex=\"-1\">Portovenere<\/a><\/li>\n<li class=\"menu-item menu-item-type-post_type menu-item-object-page menu-item-2057\"><a href=\"https:\/\/locandailmonastero.it\/site\/de\/territorium\/sarzana\/\" class=\"elementor-item\" tabindex=\"-1\">Sarzana<\/a><\/li>\n<\/ul>\t\t\t<\/nav>\n\t\t\t\t<\/div>\n\t\t\t\t<\/div>\n\t\t\t\t<\/div>\n\t\t<div class=\"elementor-element elementor-element-270a20fa e-flex e-con-boxed e-con e-parent\" data-id=\"270a20fa\" data-element_type=\"container\">\n\t\t\t\t\t<div class=\"e-con-inner\">\n\t\t\t\t<div class=\"jet-parallax-widget elementor-element elementor-element-318aa7f2 elementor-absolute elementor-widget elementor-widget-image\" data-jet-tricks-settings=\"{&quot;parallax&quot;:&quot;true&quot;,&quot;invert&quot;:&quot;false&quot;,&quot;speed&quot;:{&quot;unit&quot;:&quot;%&quot;,&quot;size&quot;:30,&quot;sizes&quot;:[]},&quot;stickyOn&quot;:[&quot;desktop&quot;,&quot;tablet&quot;]}\" data-id=\"318aa7f2\" data-element_type=\"widget\" data-settings=\"{&quot;_position&quot;:&quot;absolute&quot;}\" data-widget_type=\"image.default\">\n\t\t\t\t<div class=\"elementor-widget-container\">\n\t\t\t<style>\/*! elementor - v3.21.0 - 22-05-2024 *\/\n.elementor-widget-image{text-align:center}.elementor-widget-image a{display:inline-block}.elementor-widget-image a img[src$=\".svg\"]{width:48px}.elementor-widget-image img{vertical-align:middle;display:inline-block}<\/style>\t\t\t\t\t\t\t\t\t\t<img fetchpriority=\"high\" decoding=\"async\" width=\"334\" height=\"355\" src=\"https:\/\/locandailmonastero.it\/site\/wp-content\/uploads\/2024\/05\/Group.png\" class=\"attachment-large size-large wp-image-518\" alt=\"\" srcset=\"https:\/\/locandailmonastero.it\/site\/wp-content\/uploads\/2024\/05\/Group.png 334w, https:\/\/locandailmonastero.it\/site\/wp-content\/uploads\/2024\/05\/Group-282x300.png 282w\" sizes=\"(max-width: 334px) 100vw, 334px\" \/>\t\t\t\t\t\t\t\t\t\t\t\t\t<\/div>\n\t\t\t\t<\/div>\n\t\t<div class=\"elementor-element elementor-element-53683376 e-con-full e-flex e-con e-child\" data-id=\"53683376\" data-element_type=\"container\">\n\t\t<div class=\"elementor-element elementor-element-4b63328d e-flex e-con-boxed e-con e-child\" data-id=\"4b63328d\" data-element_type=\"container\">\n\t\t\t\t\t<div class=\"e-con-inner\">\n\t\t\t\t<div class=\"elementor-element elementor-element-b03ca2d elementor-invisible elementor-widget elementor-widget-heading\" data-id=\"b03ca2d\" data-element_type=\"widget\" data-settings=\"{&quot;_animation&quot;:&quot;fadeInDown&quot;}\" data-widget_type=\"heading.default\">\n\t\t\t\t<div class=\"elementor-widget-container\">\n\t\t\t<style>\/*! elementor - v3.21.0 - 22-05-2024 *\/\n.elementor-heading-title{padding:0;margin:0;line-height:1}.elementor-widget-heading .elementor-heading-title[class*=elementor-size-]>a{color:inherit;font-size:inherit;line-height:inherit}.elementor-widget-heading .elementor-heading-title.elementor-size-small{font-size:15px}.elementor-widget-heading .elementor-heading-title.elementor-size-medium{font-size:19px}.elementor-widget-heading .elementor-heading-title.elementor-size-large{font-size:29px}.elementor-widget-heading .elementor-heading-title.elementor-size-xl{font-size:39px}.elementor-widget-heading .elementor-heading-title.elementor-size-xxl{font-size:59px}<\/style><h2 class=\"elementor-heading-title elementor-size-default\">Portovenere<\/h2>\t\t<\/div>\n\t\t\t\t<\/div>\n\t\t\t\t<div class=\"elementor-element elementor-element-111fe4e9 elementor-widget elementor-widget-text-editor\" data-id=\"111fe4e9\" data-element_type=\"widget\" data-widget_type=\"text-editor.default\">\n\t\t\t\t<div class=\"elementor-widget-container\">\n\t\t\t<style>\/*! elementor - v3.21.0 - 22-05-2024 *\/\n.elementor-widget-text-editor.elementor-drop-cap-view-stacked .elementor-drop-cap{background-color:#69727d;color:#fff}.elementor-widget-text-editor.elementor-drop-cap-view-framed .elementor-drop-cap{color:#69727d;border:3px solid;background-color:transparent}.elementor-widget-text-editor:not(.elementor-drop-cap-view-default) .elementor-drop-cap{margin-top:8px}.elementor-widget-text-editor:not(.elementor-drop-cap-view-default) .elementor-drop-cap-letter{width:1em;height:1em}.elementor-widget-text-editor .elementor-drop-cap{float:left;text-align:center;line-height:1;font-size:50px}.elementor-widget-text-editor .elementor-drop-cap-letter{display:inline-block}<\/style>\t\t\t\t<p>Der K\u00fcstenort Portovenere liegt im Golf von La Spezia und beherbergt architektonische \u00dcberreste, die aufgrund ihrer Sch\u00f6nheit und ihres Erhaltungszustandes von Bedeutung sind: Dazu geh\u00f6ren die antike Kirche San Pietro, die Festung Genovese und die urspr\u00fcngliche Stadtmauer.<\/p>\n<p>Vom Dorf aus kann man den Archipel bewundern, der aus den Inseln Palmaria, Tino und Tinetto besteht, die durch einen Meeresarm, die Bocche di Portovenere, vom Vorgebirge getrennt sind.<\/p>\n<p>Dieser Archipel, insbesondere Palmaria, ist bei Tauchern wegen der Grotta dei Colombi und der Grotta Azzurra beliebt, die nur auf dem Seeweg zu erreichen sind.<\/p>\n<p>Seit 2001 bilden das Dorf, die Inseln und der K\u00fcstenstreifen bis zum Rio Maggiore den Regionalen Naturpark Portovenere.<\/p>\n<p><strong>Zu besuchen:<\/strong><\/p>\n<p><span style=\"text-decoration: underline;\">Die Kirche San Pietro<\/span>: Sie wurde zwischen dem 5. und 13. Jahrhundert auf den Ruinen des Venustempels erbaut und steht an der \u00e4u\u00dfersten Spitze von Portovenere, von wo aus man einen atemberaubenden Blick auf das offene Meer genie\u00dfen kann. Vom S\u00e4ulengang auf einer Seite der Kirche aus kann man die gesamte K\u00fcste bis zum \u00e4u\u00dfersten Punkt der Cinque Terre \u00fcberblicken.<\/p>\n<p><span style=\"text-decoration: underline;\">Die Grotta Byron<\/span>: Sie wurde zu Ehren des englischen Dichters benannt, der sich in dieser H\u00f6hle zu vielen seiner Werke inspirieren lie\u00df. Ihr urspr\u00fcnglicher Name lautet Grotta dell&#8217;Arpaia und ist \u00fcber eine Treppe neben der Kirche San Pietro erreichbar.<\/p>\n<p><span style=\"text-decoration: underline;\">Schloss Portovenere<\/span>: Auf einem Vorgebirge erbaut, bietet es einen atemberaubenden Blick auf das offene Meer. Die Burg ist von m\u00e4chtigen Mauern umgeben, die an den Rand der Klippe gebaut wurden.<\/p>\n<p><span style=\"text-decoration: underline;\">Der Kapitelturm<\/span>: Er befindet sich am Eingang der mittelalterlichen Stadt und links von ihm befindet sich das Tor zu den Verteidigungsmauern der Stadt.<\/p>\n<p><span style=\"text-decoration: underline;\">Die Kirche San Lorenzo<\/span>: Sie ist von gro\u00dfem k\u00fcnstlerischen Interesse und beherbergt in ihrem Inneren Fresken, Gem\u00e4lde und Skulpturen der toskanischen Schule.<\/p>\n\t\t\t\t\t\t<\/div>\n\t\t\t\t<\/div>\n\t\t\t\t\t<\/div>\n\t\t\t\t<\/div>\n\t\t<div class=\"elementor-element elementor-element-7aec9e05 e-flex e-con-boxed e-con e-child\" data-id=\"7aec9e05\" data-element_type=\"container\">\n\t\t\t\t\t<div class=\"e-con-inner\">\n\t\t\t\t<div class=\"elementor-element elementor-element-5614e0e8 elementor-invisible elementor-widget elementor-widget-image\" data-id=\"5614e0e8\" data-element_type=\"widget\" data-settings=\"{&quot;_animation&quot;:&quot;fadeInUp&quot;}\" data-widget_type=\"image.default\">\n\t\t\t\t<div class=\"elementor-widget-container\">\n\t\t\t\t\t\t\t\t\t\t\t\t\t<img decoding=\"async\" width=\"800\" height=\"534\" src=\"https:\/\/locandailmonastero.it\/site\/wp-content\/uploads\/2024\/06\/Portovenere-archi-1024x683.webp\" class=\"attachment-large size-large wp-image-1261\" alt=\"\" srcset=\"https:\/\/locandailmonastero.it\/site\/wp-content\/uploads\/2024\/06\/Portovenere-archi-1024x683.webp 1024w, https:\/\/locandailmonastero.it\/site\/wp-content\/uploads\/2024\/06\/Portovenere-archi-300x200.webp 300w, https:\/\/locandailmonastero.it\/site\/wp-content\/uploads\/2024\/06\/Portovenere-archi-768x512.webp 768w, https:\/\/locandailmonastero.it\/site\/wp-content\/uploads\/2024\/06\/Portovenere-archi-1536x1024.webp 1536w, https:\/\/locandailmonastero.it\/site\/wp-content\/uploads\/2024\/06\/Portovenere-archi.webp 1920w\" sizes=\"(max-width: 800px) 100vw, 800px\" \/>\t\t\t\t\t\t\t\t\t\t\t\t\t<\/div>\n\t\t\t\t<\/div>\n\t\t\t\t<div class=\"elementor-element elementor-element-5371d8f elementor-invisible elementor-widget elementor-widget-image\" data-id=\"5371d8f\" data-element_type=\"widget\" data-settings=\"{&quot;_animation&quot;:&quot;fadeInDown&quot;,&quot;_animation_mobile&quot;:&quot;none&quot;}\" data-widget_type=\"image.default\">\n\t\t\t\t<div class=\"elementor-widget-container\">\n\t\t\t\t\t\t\t\t\t\t\t\t\t<img decoding=\"async\" width=\"800\" height=\"534\" src=\"https:\/\/locandailmonastero.it\/site\/wp-content\/uploads\/2024\/06\/San-Pietro-Portovenere-1024x683.webp\" class=\"attachment-large size-large wp-image-1262\" alt=\"\" srcset=\"https:\/\/locandailmonastero.it\/site\/wp-content\/uploads\/2024\/06\/San-Pietro-Portovenere-1024x683.webp 1024w, https:\/\/locandailmonastero.it\/site\/wp-content\/uploads\/2024\/06\/San-Pietro-Portovenere-300x200.webp 300w, https:\/\/locandailmonastero.it\/site\/wp-content\/uploads\/2024\/06\/San-Pietro-Portovenere-768x512.webp 768w, https:\/\/locandailmonastero.it\/site\/wp-content\/uploads\/2024\/06\/San-Pietro-Portovenere-1536x1024.webp 1536w, https:\/\/locandailmonastero.it\/site\/wp-content\/uploads\/2024\/06\/San-Pietro-Portovenere.webp 1920w\" sizes=\"(max-width: 800px) 100vw, 800px\" \/>\t\t\t\t\t\t\t\t\t\t\t\t\t<\/div>\n\t\t\t\t<\/div>\n\t\t\t\t\t<\/div>\n\t\t\t\t<\/div>\n\t\t\t\t<\/div>\n\t\t<div class=\"elementor-element elementor-element-e8941fe e-con-full e-flex e-con e-child\" data-id=\"e8941fe\" data-element_type=\"container\">\n\t\t\t\t<div class=\"elementor-element elementor-element-1c1cad29 elementor-invisible elementor-widget elementor-widget-image\" data-id=\"1c1cad29\" data-element_type=\"widget\" data-settings=\"{&quot;_animation&quot;:&quot;fadeInUp&quot;}\" data-widget_type=\"image.default\">\n\t\t\t\t<div class=\"elementor-widget-container\">\n\t\t\t\t\t\t\t\t\t\t\t\t\t<img loading=\"lazy\" decoding=\"async\" width=\"1920\" height=\"1277\" src=\"https:\/\/locandailmonastero.it\/site\/wp-content\/uploads\/2024\/06\/Portovenere-case.webp\" class=\"attachment-full size-full wp-image-1260\" alt=\"\" srcset=\"https:\/\/locandailmonastero.it\/site\/wp-content\/uploads\/2024\/06\/Portovenere-case.webp 1920w, https:\/\/locandailmonastero.it\/site\/wp-content\/uploads\/2024\/06\/Portovenere-case-300x200.webp 300w, https:\/\/locandailmonastero.it\/site\/wp-content\/uploads\/2024\/06\/Portovenere-case-1024x681.webp 1024w, https:\/\/locandailmonastero.it\/site\/wp-content\/uploads\/2024\/06\/Portovenere-case-768x511.webp 768w, https:\/\/locandailmonastero.it\/site\/wp-content\/uploads\/2024\/06\/Portovenere-case-1536x1022.webp 1536w\" sizes=\"(max-width: 1920px) 100vw, 1920px\" \/>\t\t\t\t\t\t\t\t\t\t\t\t\t<\/div>\n\t\t\t\t<\/div>\n\t\t\t\t<\/div>\n\t\t\t\t\t<\/div>\n\t\t\t\t<\/div>\n\t\t\t\t<\/div>\n\t\t","protected":false},"excerpt":{"rendered":"<p>Der K\u00fcstenort Portovenere liegt im Golf von La Spezia und beherbergt architektonische \u00dcberreste, die aufgrund ihrer Sch\u00f6nheit und ihres Erhaltungszustandes von Bedeutung sind: Dazu geh\u00f6ren die antike Kirche San Pietro, die Festung Genovese und die urspr\u00fcngliche Stadtmauer.<\/p>\n","protected":false},"author":1,"featured_media":1658,"parent":1907,"menu_order":0,"comment_status":"closed","ping_status":"closed","template":"","meta":{"rank_math_lock_modified_date":false,"footnotes":""},"class_list":["post-1917","page","type-page","status-publish","has-post-thumbnail","hentry"],"_links":{"self":[{"href":"https:\/\/locandailmonastero.it\/site\/de\/wp-json\/wp\/v2\/pages\/1917","targetHints":{"allow":["GET"]}}],"collection":[{"href":"https:\/\/locandailmonastero.it\/site\/de\/wp-json\/wp\/v2\/pages"}],"about":[{"href":"https:\/\/locandailmonastero.it\/site\/de\/wp-json\/wp\/v2\/types\/page"}],"author":[{"embeddable":true,"href":"https:\/\/locandailmonastero.it\/site\/de\/wp-json\/wp\/v2\/users\/1"}],"replies":[{"embeddable":true,"href":"https:\/\/locandailmonastero.it\/site\/de\/wp-json\/wp\/v2\/comments?post=1917"}],"version-history":[{"count":1,"href":"https:\/\/locandailmonastero.it\/site\/de\/wp-json\/wp\/v2\/pages\/1917\/revisions"}],"predecessor-version":[{"id":1918,"href":"https:\/\/locandailmonastero.it\/site\/de\/wp-json\/wp\/v2\/pages\/1917\/revisions\/1918"}],"up":[{"embeddable":true,"href":"https:\/\/locandailmonastero.it\/site\/de\/wp-json\/wp\/v2\/pages\/1907"}],"wp:featuredmedia":[{"embeddable":true,"href":"https:\/\/locandailmonastero.it\/site\/de\/wp-json\/wp\/v2\/media\/1658"}],"wp:attachment":[{"href":"https:\/\/locandailmonastero.it\/site\/de\/wp-json\/wp\/v2\/media?parent=1917"}],"curies":[{"name":"wp","href":"https:\/\/api.w.org\/{rel}","templated":true}]}}