{"id":1913,"date":"2024-06-14T16:47:59","date_gmt":"2024-06-14T14:47:59","guid":{"rendered":"https:\/\/locandamonastero.digiside.it\/territorium\/lerici\/"},"modified":"2024-10-01T10:47:07","modified_gmt":"2024-10-01T08:47:07","slug":"lerici","status":"publish","type":"page","link":"https:\/\/locandailmonastero.it\/site\/de\/territorium\/lerici\/","title":{"rendered":"Lerici"},"content":{"rendered":"\t\t<div data-elementor-type=\"wp-page\" data-elementor-id=\"1913\" class=\"elementor elementor-1913 elementor-1121\" data-elementor-post-type=\"page\">\n\t\t\t\t<div class=\"elementor-element elementor-element-1e0ee39e e-con-full e-flex e-con e-parent\" data-id=\"1e0ee39e\" data-element_type=\"container\" data-settings=\"{&quot;background_background&quot;:&quot;slideshow&quot;,&quot;background_slideshow_gallery&quot;:[{&quot;id&quot;:1120,&quot;url&quot;:&quot;https:\\\/\\\/locandailmonastero.it\\\/site\\\/wp-content\\\/uploads\\\/2024\\\/06\\\/Territorio-Lerici.jpg&quot;}],&quot;background_slideshow_loop&quot;:&quot;yes&quot;,&quot;background_slideshow_slide_duration&quot;:5000,&quot;background_slideshow_slide_transition&quot;:&quot;fade&quot;,&quot;background_slideshow_transition_duration&quot;:500}\">\n\t\t\t\t<\/div>\n\t\t<div class=\"elementor-element elementor-element-2955550c e-con-full elementor-hidden-tablet elementor-hidden-mobile_extra elementor-hidden-mobile e-flex e-con e-parent\" data-id=\"2955550c\" data-element_type=\"container\">\n\t\t\t\t<div class=\"elementor-element elementor-element-2db5d7cd elementor-nav-menu__align-center elementor-widget__width-inherit elementor-nav-menu--dropdown-tablet elementor-nav-menu__text-align-aside elementor-nav-menu--toggle elementor-nav-menu--burger elementor-widget elementor-widget-nav-menu\" data-id=\"2db5d7cd\" data-element_type=\"widget\" data-settings=\"{&quot;layout&quot;:&quot;horizontal&quot;,&quot;submenu_icon&quot;:{&quot;value&quot;:&quot;&lt;svg class=\\&quot;e-font-icon-svg e-fas-caret-down\\&quot; viewBox=\\&quot;0 0 320 512\\&quot; xmlns=\\&quot;http:\\\/\\\/www.w3.org\\\/2000\\\/svg\\&quot;&gt;&lt;path d=\\&quot;M31.3 192h257.3c17.8 0 26.7 21.5 14.1 34.1L174.1 354.8c-7.8 7.8-20.5 7.8-28.3 0L17.2 226.1C4.6 213.5 13.5 192 31.3 192z\\&quot;&gt;&lt;\\\/path&gt;&lt;\\\/svg&gt;&quot;,&quot;library&quot;:&quot;fa-solid&quot;},&quot;toggle&quot;:&quot;burger&quot;}\" data-widget_type=\"nav-menu.default\">\n\t\t\t\t<div class=\"elementor-widget-container\">\n\t\t\t<link rel=\"stylesheet\" href=\"https:\/\/locandailmonastero.it\/site\/wp-content\/uploads\/elementor\/css\/custom-pro-widget-nav-menu.min.css?ver=1764149288\">\t\t\t<nav class=\"elementor-nav-menu--main elementor-nav-menu__container elementor-nav-menu--layout-horizontal e--pointer-underline e--animation-fade\">\n\t\t\t\t<ul id=\"menu-1-2db5d7cd\" class=\"elementor-nav-menu\"><li class=\"menu-item menu-item-type-post_type menu-item-object-page menu-item-2053\"><a href=\"https:\/\/locandailmonastero.it\/site\/de\/territorium\/carrara-steinbrueche\/\" class=\"elementor-item\">Carrara-Steinbr\u00fcche<\/a><\/li>\n<li class=\"menu-item menu-item-type-post_type menu-item-object-page menu-item-2056\"><a href=\"https:\/\/locandailmonastero.it\/site\/de\/territorium\/die-cinque-terre\/\" class=\"elementor-item\">Die Cinque Terre<\/a><\/li>\n<li class=\"menu-item menu-item-type-post_type menu-item-object-page menu-item-2052\"><a href=\"https:\/\/locandailmonastero.it\/site\/de\/territorium\/lerici\/\" class=\"elementor-item\">Lerici<\/a><\/li>\n<li class=\"menu-item menu-item-type-post_type menu-item-object-page menu-item-2054\"><a href=\"https:\/\/locandailmonastero.it\/site\/de\/territorium\/pietrasanta\/\" class=\"elementor-item\">Pietrasanta<\/a><\/li>\n<li class=\"menu-item menu-item-type-post_type menu-item-object-page menu-item-2055\"><a href=\"https:\/\/locandailmonastero.it\/site\/de\/territorium\/portovenere\/\" class=\"elementor-item\">Portovenere<\/a><\/li>\n<li class=\"menu-item menu-item-type-post_type menu-item-object-page menu-item-2057\"><a href=\"https:\/\/locandailmonastero.it\/site\/de\/territorium\/sarzana\/\" class=\"elementor-item\">Sarzana<\/a><\/li>\n<\/ul>\t\t\t<\/nav>\n\t\t\t\t\t<div class=\"elementor-menu-toggle\" role=\"button\" tabindex=\"0\" aria-label=\"Men\u00fc Umschalter\" aria-expanded=\"false\">\n\t\t\t<svg aria-hidden=\"true\" role=\"presentation\" class=\"elementor-menu-toggle__icon--open e-font-icon-svg e-eicon-menu-bar\" viewBox=\"0 0 1000 1000\" xmlns=\"http:\/\/www.w3.org\/2000\/svg\"><path d=\"M104 333H896C929 333 958 304 958 271S929 208 896 208H104C71 208 42 237 42 271S71 333 104 333ZM104 583H896C929 583 958 554 958 521S929 458 896 458H104C71 458 42 487 42 521S71 583 104 583ZM104 833H896C929 833 958 804 958 771S929 708 896 708H104C71 708 42 737 42 771S71 833 104 833Z\"><\/path><\/svg><svg aria-hidden=\"true\" role=\"presentation\" class=\"elementor-menu-toggle__icon--close e-font-icon-svg e-eicon-close\" viewBox=\"0 0 1000 1000\" xmlns=\"http:\/\/www.w3.org\/2000\/svg\"><path d=\"M742 167L500 408 258 167C246 154 233 150 217 150 196 150 179 158 167 167 154 179 150 196 150 212 150 229 154 242 171 254L408 500 167 742C138 771 138 800 167 829 196 858 225 858 254 829L496 587 738 829C750 842 767 846 783 846 800 846 817 842 829 829 842 817 846 804 846 783 846 767 842 750 829 737L588 500 833 258C863 229 863 200 833 171 804 137 775 137 742 167Z\"><\/path><\/svg>\t\t\t<span class=\"elementor-screen-only\">Men\u00fc<\/span>\n\t\t<\/div>\n\t\t\t\t\t<nav class=\"elementor-nav-menu--dropdown elementor-nav-menu__container\" aria-hidden=\"true\">\n\t\t\t\t<ul id=\"menu-2-2db5d7cd\" class=\"elementor-nav-menu\"><li class=\"menu-item menu-item-type-post_type menu-item-object-page menu-item-2053\"><a href=\"https:\/\/locandailmonastero.it\/site\/de\/territorium\/carrara-steinbrueche\/\" class=\"elementor-item\" tabindex=\"-1\">Carrara-Steinbr\u00fcche<\/a><\/li>\n<li class=\"menu-item menu-item-type-post_type menu-item-object-page menu-item-2056\"><a href=\"https:\/\/locandailmonastero.it\/site\/de\/territorium\/die-cinque-terre\/\" class=\"elementor-item\" tabindex=\"-1\">Die Cinque Terre<\/a><\/li>\n<li class=\"menu-item menu-item-type-post_type menu-item-object-page menu-item-2052\"><a href=\"https:\/\/locandailmonastero.it\/site\/de\/territorium\/lerici\/\" class=\"elementor-item\" tabindex=\"-1\">Lerici<\/a><\/li>\n<li class=\"menu-item menu-item-type-post_type menu-item-object-page menu-item-2054\"><a href=\"https:\/\/locandailmonastero.it\/site\/de\/territorium\/pietrasanta\/\" class=\"elementor-item\" tabindex=\"-1\">Pietrasanta<\/a><\/li>\n<li class=\"menu-item menu-item-type-post_type menu-item-object-page menu-item-2055\"><a href=\"https:\/\/locandailmonastero.it\/site\/de\/territorium\/portovenere\/\" class=\"elementor-item\" tabindex=\"-1\">Portovenere<\/a><\/li>\n<li class=\"menu-item menu-item-type-post_type menu-item-object-page menu-item-2057\"><a href=\"https:\/\/locandailmonastero.it\/site\/de\/territorium\/sarzana\/\" class=\"elementor-item\" tabindex=\"-1\">Sarzana<\/a><\/li>\n<\/ul>\t\t\t<\/nav>\n\t\t\t\t<\/div>\n\t\t\t\t<\/div>\n\t\t\t\t<\/div>\n\t\t<div class=\"elementor-element elementor-element-6a34de19 e-flex e-con-boxed e-con e-parent\" data-id=\"6a34de19\" data-element_type=\"container\">\n\t\t\t\t\t<div class=\"e-con-inner\">\n\t\t\t\t<div class=\"jet-parallax-widget elementor-element elementor-element-8ed1435 elementor-absolute elementor-widget elementor-widget-image\" data-jet-tricks-settings=\"{&quot;parallax&quot;:&quot;true&quot;,&quot;invert&quot;:&quot;false&quot;,&quot;speed&quot;:{&quot;unit&quot;:&quot;%&quot;,&quot;size&quot;:30,&quot;sizes&quot;:[]},&quot;stickyOn&quot;:[&quot;desktop&quot;,&quot;tablet&quot;]}\" data-id=\"8ed1435\" data-element_type=\"widget\" data-settings=\"{&quot;_position&quot;:&quot;absolute&quot;}\" data-widget_type=\"image.default\">\n\t\t\t\t<div class=\"elementor-widget-container\">\n\t\t\t<style>\/*! elementor - v3.21.0 - 22-05-2024 *\/\n.elementor-widget-image{text-align:center}.elementor-widget-image a{display:inline-block}.elementor-widget-image a img[src$=\".svg\"]{width:48px}.elementor-widget-image img{vertical-align:middle;display:inline-block}<\/style>\t\t\t\t\t\t\t\t\t\t<img fetchpriority=\"high\" decoding=\"async\" width=\"334\" height=\"355\" src=\"https:\/\/locandailmonastero.it\/site\/wp-content\/uploads\/2024\/05\/Group.png\" class=\"attachment-large size-large wp-image-518\" alt=\"\" srcset=\"https:\/\/locandailmonastero.it\/site\/wp-content\/uploads\/2024\/05\/Group.png 334w, https:\/\/locandailmonastero.it\/site\/wp-content\/uploads\/2024\/05\/Group-282x300.png 282w\" sizes=\"(max-width: 334px) 100vw, 334px\" \/>\t\t\t\t\t\t\t\t\t\t\t\t\t<\/div>\n\t\t\t\t<\/div>\n\t\t<div class=\"elementor-element elementor-element-7a1f37c5 e-con-full e-flex e-con e-child\" data-id=\"7a1f37c5\" data-element_type=\"container\">\n\t\t<div class=\"elementor-element elementor-element-3c82f5e3 e-flex e-con-boxed e-con e-child\" data-id=\"3c82f5e3\" data-element_type=\"container\">\n\t\t\t\t\t<div class=\"e-con-inner\">\n\t\t\t\t<div class=\"elementor-element elementor-element-3d53fdc6 elementor-invisible elementor-widget elementor-widget-heading\" data-id=\"3d53fdc6\" data-element_type=\"widget\" data-settings=\"{&quot;_animation&quot;:&quot;fadeInDown&quot;}\" data-widget_type=\"heading.default\">\n\t\t\t\t<div class=\"elementor-widget-container\">\n\t\t\t<style>\/*! elementor - v3.21.0 - 22-05-2024 *\/\n.elementor-heading-title{padding:0;margin:0;line-height:1}.elementor-widget-heading .elementor-heading-title[class*=elementor-size-]>a{color:inherit;font-size:inherit;line-height:inherit}.elementor-widget-heading .elementor-heading-title.elementor-size-small{font-size:15px}.elementor-widget-heading .elementor-heading-title.elementor-size-medium{font-size:19px}.elementor-widget-heading .elementor-heading-title.elementor-size-large{font-size:29px}.elementor-widget-heading .elementor-heading-title.elementor-size-xl{font-size:39px}.elementor-widget-heading .elementor-heading-title.elementor-size-xxl{font-size:59px}<\/style><h1 class=\"elementor-heading-title elementor-size-default\">Lerici<\/h1>\t\t<\/div>\n\t\t\t\t<\/div>\n\t\t\t\t<div class=\"elementor-element elementor-element-71fc2b70 elementor-widget elementor-widget-text-editor\" data-id=\"71fc2b70\" data-element_type=\"widget\" data-widget_type=\"text-editor.default\">\n\t\t\t\t<div class=\"elementor-widget-container\">\n\t\t\t<style>\/*! elementor - v3.21.0 - 22-05-2024 *\/\n.elementor-widget-text-editor.elementor-drop-cap-view-stacked .elementor-drop-cap{background-color:#69727d;color:#fff}.elementor-widget-text-editor.elementor-drop-cap-view-framed .elementor-drop-cap{color:#69727d;border:3px solid;background-color:transparent}.elementor-widget-text-editor:not(.elementor-drop-cap-view-default) .elementor-drop-cap{margin-top:8px}.elementor-widget-text-editor:not(.elementor-drop-cap-view-default) .elementor-drop-cap-letter{width:1em;height:1em}.elementor-widget-text-editor .elementor-drop-cap{float:left;text-align:center;line-height:1;font-size:50px}.elementor-widget-text-editor .elementor-drop-cap-letter{display:inline-block}<\/style>\t\t\t\t<p>Lerici ist bekannt als die Perle des Golfs von La Spezia, so genannt von den K\u00fcnstlern, die sich dort aufhielten und sich f\u00fcr ihre Werke inspirieren lie\u00dfen, darunter auch Shelley.<\/p>\n<p>Neben dem alten Dorf am Meer kann man auch das Schloss besichtigen, in dem sich das Geopal\u00e4ontologische Museum von Lerici befindet, das eine Ausstellung von Dinosaurierabdr\u00fccken, Gesteinen und Fossilien aus dem Gebiet von Lerici und Le Grazie sowie einen Raum f\u00fcr Erdbebensimulationen beherbergt.<\/p>\n<p>In der N\u00e4he gibt es kleine D\u00f6rfer, die von Pinien und Ginster umgeben sind und das kristallklare Meer des Golfo dei Poeti \u00fcberblicken: Fiascherino, Tellaro, La Serra, Montemarcello, von wo aus man den Blick auf den Golfo dei Poeti auf der einen Seite und das Valle del Magra mit den Apuanischen Alpen und der Versilia auf der anderen Seite genie\u00dfen kann.<\/p>\n\t\t\t\t\t\t<\/div>\n\t\t\t\t<\/div>\n\t\t\t\t\t<\/div>\n\t\t\t\t<\/div>\n\t\t<div class=\"elementor-element elementor-element-6b89424d e-flex e-con-boxed e-con e-child\" data-id=\"6b89424d\" data-element_type=\"container\">\n\t\t\t\t\t<div class=\"e-con-inner\">\n\t\t\t\t<div class=\"elementor-element elementor-element-6aa66f9c elementor-invisible elementor-widget elementor-widget-image\" data-id=\"6aa66f9c\" data-element_type=\"widget\" data-settings=\"{&quot;_animation&quot;:&quot;fadeInUp&quot;}\" data-widget_type=\"image.default\">\n\t\t\t\t<div class=\"elementor-widget-container\">\n\t\t\t\t\t\t\t\t\t\t\t\t\t<img decoding=\"async\" width=\"800\" height=\"533\" src=\"https:\/\/locandailmonastero.it\/site\/wp-content\/uploads\/2024\/06\/Castello-di-Lerici-1024x682.webp\" class=\"attachment-large size-large wp-image-1247\" alt=\"\" srcset=\"https:\/\/locandailmonastero.it\/site\/wp-content\/uploads\/2024\/06\/Castello-di-Lerici-1024x682.webp 1024w, https:\/\/locandailmonastero.it\/site\/wp-content\/uploads\/2024\/06\/Castello-di-Lerici-300x200.webp 300w, https:\/\/locandailmonastero.it\/site\/wp-content\/uploads\/2024\/06\/Castello-di-Lerici-768x512.webp 768w, https:\/\/locandailmonastero.it\/site\/wp-content\/uploads\/2024\/06\/Castello-di-Lerici-1536x1023.webp 1536w, https:\/\/locandailmonastero.it\/site\/wp-content\/uploads\/2024\/06\/Castello-di-Lerici.webp 1920w\" sizes=\"(max-width: 800px) 100vw, 800px\" \/>\t\t\t\t\t\t\t\t\t\t\t\t\t<\/div>\n\t\t\t\t<\/div>\n\t\t\t\t<div class=\"elementor-element elementor-element-5e78dfa7 elementor-invisible elementor-widget elementor-widget-image\" data-id=\"5e78dfa7\" data-element_type=\"widget\" data-settings=\"{&quot;_animation&quot;:&quot;fadeInDown&quot;}\" data-widget_type=\"image.default\">\n\t\t\t\t<div class=\"elementor-widget-container\">\n\t\t\t\t\t\t\t\t\t\t\t\t\t<img decoding=\"async\" width=\"800\" height=\"536\" src=\"https:\/\/locandailmonastero.it\/site\/wp-content\/uploads\/2024\/06\/Fiascherino-1024x686.webp\" class=\"attachment-large size-large wp-image-1249\" alt=\"\" srcset=\"https:\/\/locandailmonastero.it\/site\/wp-content\/uploads\/2024\/06\/Fiascherino-1024x686.webp 1024w, https:\/\/locandailmonastero.it\/site\/wp-content\/uploads\/2024\/06\/Fiascherino-300x201.webp 300w, https:\/\/locandailmonastero.it\/site\/wp-content\/uploads\/2024\/06\/Fiascherino-768x514.webp 768w, https:\/\/locandailmonastero.it\/site\/wp-content\/uploads\/2024\/06\/Fiascherino-1536x1029.webp 1536w, https:\/\/locandailmonastero.it\/site\/wp-content\/uploads\/2024\/06\/Fiascherino.webp 1920w\" sizes=\"(max-width: 800px) 100vw, 800px\" \/>\t\t\t\t\t\t\t\t\t\t\t\t\t<\/div>\n\t\t\t\t<\/div>\n\t\t\t\t\t<\/div>\n\t\t\t\t<\/div>\n\t\t\t\t<\/div>\n\t\t<div class=\"elementor-element elementor-element-2cbd3922 e-con-full e-flex e-con e-child\" data-id=\"2cbd3922\" data-element_type=\"container\">\n\t\t\t\t<div class=\"elementor-element elementor-element-5c21fa32 elementor-invisible elementor-widget elementor-widget-image\" data-id=\"5c21fa32\" data-element_type=\"widget\" data-settings=\"{&quot;_animation&quot;:&quot;fadeInUp&quot;}\" data-widget_type=\"image.default\">\n\t\t\t\t<div class=\"elementor-widget-container\">\n\t\t\t\t\t\t\t\t\t\t\t\t\t<img loading=\"lazy\" decoding=\"async\" width=\"1920\" height=\"1288\" src=\"https:\/\/locandailmonastero.it\/site\/wp-content\/uploads\/2024\/06\/Piazza-di-Lerici.webp\" class=\"attachment-full size-full wp-image-1248\" alt=\"\" srcset=\"https:\/\/locandailmonastero.it\/site\/wp-content\/uploads\/2024\/06\/Piazza-di-Lerici.webp 1920w, https:\/\/locandailmonastero.it\/site\/wp-content\/uploads\/2024\/06\/Piazza-di-Lerici-300x201.webp 300w, https:\/\/locandailmonastero.it\/site\/wp-content\/uploads\/2024\/06\/Piazza-di-Lerici-1024x687.webp 1024w, https:\/\/locandailmonastero.it\/site\/wp-content\/uploads\/2024\/06\/Piazza-di-Lerici-768x515.webp 768w, https:\/\/locandailmonastero.it\/site\/wp-content\/uploads\/2024\/06\/Piazza-di-Lerici-1536x1030.webp 1536w\" sizes=\"(max-width: 1920px) 100vw, 1920px\" \/>\t\t\t\t\t\t\t\t\t\t\t\t\t<\/div>\n\t\t\t\t<\/div>\n\t\t\t\t<\/div>\n\t\t\t\t\t<\/div>\n\t\t\t\t<\/div>\n\t\t\t\t<\/div>\n\t\t","protected":false},"excerpt":{"rendered":"<p>Lerici ist bekannt als die Perle des Golfs von La Spezia, so genannt von den K\u00fcnstlern, die sich dort aufhielten und sich f\u00fcr ihre Werke inspirieren lie\u00dfen, darunter auch Shelley.<\/p>\n","protected":false},"author":1,"featured_media":1652,"parent":1907,"menu_order":0,"comment_status":"closed","ping_status":"closed","template":"","meta":{"rank_math_lock_modified_date":false,"footnotes":""},"class_list":["post-1913","page","type-page","status-publish","has-post-thumbnail","hentry"],"_links":{"self":[{"href":"https:\/\/locandailmonastero.it\/site\/de\/wp-json\/wp\/v2\/pages\/1913","targetHints":{"allow":["GET"]}}],"collection":[{"href":"https:\/\/locandailmonastero.it\/site\/de\/wp-json\/wp\/v2\/pages"}],"about":[{"href":"https:\/\/locandailmonastero.it\/site\/de\/wp-json\/wp\/v2\/types\/page"}],"author":[{"embeddable":true,"href":"https:\/\/locandailmonastero.it\/site\/de\/wp-json\/wp\/v2\/users\/1"}],"replies":[{"embeddable":true,"href":"https:\/\/locandailmonastero.it\/site\/de\/wp-json\/wp\/v2\/comments?post=1913"}],"version-history":[{"count":1,"href":"https:\/\/locandailmonastero.it\/site\/de\/wp-json\/wp\/v2\/pages\/1913\/revisions"}],"predecessor-version":[{"id":1914,"href":"https:\/\/locandailmonastero.it\/site\/de\/wp-json\/wp\/v2\/pages\/1913\/revisions\/1914"}],"up":[{"embeddable":true,"href":"https:\/\/locandailmonastero.it\/site\/de\/wp-json\/wp\/v2\/pages\/1907"}],"wp:featuredmedia":[{"embeddable":true,"href":"https:\/\/locandailmonastero.it\/site\/de\/wp-json\/wp\/v2\/media\/1652"}],"wp:attachment":[{"href":"https:\/\/locandailmonastero.it\/site\/de\/wp-json\/wp\/v2\/media?parent=1913"}],"curies":[{"name":"wp","href":"https:\/\/api.w.org\/{rel}","templated":true}]}}